{"id":2323,"date":"2022-11-29T11:06:04","date_gmt":"2022-11-29T11:06:04","guid":{"rendered":"https:\/\/desarrollo.maicrosoft.eu\/biotechnature\/?page_id=2323"},"modified":"2022-12-22T12:19:07","modified_gmt":"2022-12-22T12:19:07","slug":"aviso-legal","status":"publish","type":"page","link":"https:\/\/biotechnature.es\/en\/aviso-legal\/","title":{"rendered":"Legal warning"},"content":{"rendered":"<p>In compliance with article 10 of Law 34\/2002, of July 11, on Services of the Information Society and Electronic Commerce (LSSICE), the identifying data of the company are detailed below:<\/p>\n\n\n\n<p class=\" translation-block\">Company name: BIOTECH NATURE S.L. <strong>(HEREINAFTER BIOTECHNATURE).<\/strong> <strong> <\/strong><\/p>\n\n\n\n<p>CIF: B01652700<\/p>\n\n\n\n<p>Address: ESPINARDO UNIVERSITY CAMPUS, EDF. CEEIM, 20-21, 30100, ESPINARDO, MURCIA.<\/p>\n\n\n\n<p>Telephone: 667 39 52 07<\/p>\n\n\n\n<p class=\" translation-block\">Email: <a href=\"mailto:info@biotechnature.com\" target=\"_self\">info@biotechnature.com<\/a><\/p>\n\n\n\n<p>Domain name: <a href=\"https:\/\/biotechnature.com\">https:\/\/biotechnature.com<\/a><\/p>\n\n\n\n<p>Administrative authorization: Authorization from the National Market and Competition Commission for the provision of electronic communications services.<\/p>\n\n\n\n<p><strong>COMMERCIAL REGISTRY<\/strong><\/p>\n\n\n\n<p>La empresa BIOTECH NATURE S.L., ha sido registrada con 1\u00aa Inscripci\u00f3n con fecha 29\/06\/2020, en el Registro Mercantil de Murcia, con Tomo 3449, Folio 194, Secci\u00f3n 8 y hoja MU-102009.<\/p>\n\n\n\n<p><strong>FINALIDAD DE LA P\u00c1GINA WEB<\/strong><\/p>\n\n\n\n<p class=\" translation-block\">Provision of services and\/or sale of products related to research, agriculture and derivatives of the sector, related to <strong>BIOTECHNATURE<\/strong>. This legal notice (hereinafter, the \u201cLegal Notice\u201d) regulates the use of the website: <a href=\"https:\/\/biotechnature.com\" target=\"_self\">https:\/\/biotechnature.com<\/a><\/p>\n\n\n\n<p><strong>LEGISLATION<\/strong><\/p>\n\n\n\n<p class=\" translation-block\">In general, the relations between <strong>BIOTECHNATURE<\/strong> and the Users of its telematic services, present on this website, are subject to Spanish legislation and jurisdiction.<\/p>\n\n\n\n<p><strong>USER USE AND ACCESS<\/strong><\/p>\n\n\n\n<p class=\" translation-block\">The User is informed, and accepts, that access to this website does not imply, in any way, the beginning of a commercial relationship with <strong>BIOTECHNATURE<\/strong> or any of its delegations.<strong><\/strong><\/p>\n\n\n\n<p><strong>INTELLECTUAL AND INDUSTRIAL PROPERTY<\/strong><\/p>\n\n\n\n<p>Los derechos de propiedad intelectual del contenido de las p\u00e1ginas web, su dise\u00f1o gr\u00e1fico y c\u00f3digos son titularidad de <strong>BIOTECHNATURE<\/strong> y, por tanto, queda prohibida su reproducci\u00f3n, distribuci\u00f3n, comunicaci\u00f3n p\u00fablica, transformaci\u00f3n o cualquier otra actividad que se pueda realizar con los contenidos de sus p\u00e1ginas web ni aun citando las fuentes, salvo consentimiento por escrito de <strong>BIOTECHNATURE.<\/strong><strong> <\/strong>&nbsp;<strong>&nbsp;<\/strong><\/p>\n\n\n\n<p><strong>CONTENIDO DE LA WEB Y ENLACES (LINKS)<\/strong><\/p>\n\n\n\n<p class=\" translation-block\"><strong>BIOTECHNATURE<\/strong> reserves the right to update, modify or delete the information contained in its web pages and may even limit or deny access to said information to certain users.<strong><\/strong><\/p>\n\n\n\n<p class=\" translation-block\"><strong>BIOTECHNATURE <\/strong>does not assume any responsibility for the information contained in third-party web pages that can be accessed by \"links\" or links from any web page owned by <strong>BIOTECHNATURE.<\/strong> <strong> &gt; <\/strong> <strong> <\/strong><\/p>\n\n\n\n<p class=\" translation-block\">The presence of \"links\" or links on the <strong>BIOTECHNATURE<\/strong> web pages is for informational purposes only and in no case does it imply a suggestion, invitation or recommendation about them.<strong><\/strong><\/p>","protected":false},"excerpt":{"rendered":"<p>En cumplimiento del art\u00edculo 10 de la Ley 34\/2002, de 11 de julio, de Servicios de la Sociedad de la Informaci\u00f3n y Comercio Electr\u00f3nico (LSSICE) a continuaci\u00f3n se detallan los datos identificativos de la empresa: Raz\u00f3n social: BIOTECH NATURE S.L. (EN ADELANTE, BIOTECHNATURE). &nbsp; CIF: B01652700 Direcci\u00f3n: CAMPUS UNIVERSITARIO ESPINARDO, EDF. CEEIM, 20-21,30100, ESPINARDO, MURCIA&#8230;.<\/p>","protected":false},"author":1,"featured_media":0,"parent":0,"menu_order":0,"comment_status":"closed","ping_status":"closed","template":"","meta":{"footnotes":""},"class_list":["post-2323","page","type-page","status-publish","hentry","no-post-thumbnail"],"acf":[],"yoast_head":"<!-- This site is optimized with the Yoast SEO plugin v19.13 - https:\/\/yoast.com\/wordpress\/plugins\/seo\/ -->\n<title>Aviso Legal - BioTech Nature<\/title>\n<meta name=\"robots\" content=\"index, follow, max-snippet:-1, max-image-preview:large, max-video-preview:-1\" \/>\n<link rel=\"canonical\" href=\"https:\/\/biotechnature.es\/en\/aviso-legal\/\" \/>\n<meta property=\"og:locale\" content=\"en_GB\" \/>\n<meta property=\"og:type\" content=\"article\" \/>\n<meta property=\"og:title\" content=\"Aviso Legal - BioTech Nature\" \/>\n<meta property=\"og:description\" content=\"En cumplimiento del art\u00edculo 10 de la Ley 34\/2002, de 11 de julio, de Servicios de la Sociedad de la Informaci\u00f3n y Comercio Electr\u00f3nico (LSSICE) a continuaci\u00f3n se detallan los datos identificativos de la empresa: Raz\u00f3n social: BIOTECH NATURE S.L. (EN ADELANTE, BIOTECHNATURE). &nbsp; CIF: B01652700 Direcci\u00f3n: CAMPUS UNIVERSITARIO ESPINARDO, EDF. CEEIM, 20-21,30100, ESPINARDO, MURCIA....\" \/>\n<meta property=\"og:url\" content=\"https:\/\/biotechnature.es\/en\/aviso-legal\/\" \/>\n<meta property=\"og:site_name\" content=\"BioTech Nature\" \/>\n<meta property=\"article:modified_time\" content=\"2022-12-22T12:19:07+00:00\" \/>\n<meta name=\"twitter:card\" content=\"summary_large_image\" \/>\n<meta name=\"twitter:label1\" content=\"Estimated reading time\" \/>\n\t<meta name=\"twitter:data1\" content=\"2 minutes\" \/>\n<script type=\"application\/ld+json\" class=\"yoast-schema-graph\">{\"@context\":\"https:\/\/schema.org\",\"@graph\":[{\"@type\":\"WebPage\",\"@id\":\"https:\/\/biotechnature.es\/aviso-legal\/\",\"url\":\"https:\/\/biotechnature.es\/aviso-legal\/\",\"name\":\"Aviso Legal - BioTech Nature\",\"isPartOf\":{\"@id\":\"https:\/\/biotechnature.es\/#website\"},\"datePublished\":\"2022-11-29T11:06:04+00:00\",\"dateModified\":\"2022-12-22T12:19:07+00:00\",\"breadcrumb\":{\"@id\":\"https:\/\/biotechnature.es\/aviso-legal\/#breadcrumb\"},\"inLanguage\":\"en-GB\",\"potentialAction\":[{\"@type\":\"ReadAction\",\"target\":[\"https:\/\/biotechnature.es\/aviso-legal\/\"]}]},{\"@type\":\"BreadcrumbList\",\"@id\":\"https:\/\/biotechnature.es\/aviso-legal\/#breadcrumb\",\"itemListElement\":[{\"@type\":\"ListItem\",\"position\":1,\"name\":\"Portada\",\"item\":\"https:\/\/biotechnature.es\/\"},{\"@type\":\"ListItem\",\"position\":2,\"name\":\"Aviso Legal\"}]},{\"@type\":\"WebSite\",\"@id\":\"https:\/\/biotechnature.es\/#website\",\"url\":\"https:\/\/biotechnature.es\/\",\"name\":\"BioTech Nature\",\"description\":\"\",\"potentialAction\":[{\"@type\":\"SearchAction\",\"target\":{\"@type\":\"EntryPoint\",\"urlTemplate\":\"https:\/\/biotechnature.es\/?s={search_term_string}\"},\"query-input\":\"required name=search_term_string\"}],\"inLanguage\":\"en-GB\"}]}<\/script>\n<!-- \/ Yoast SEO plugin. -->","yoast_head_json":{"title":"Aviso Legal - BioTech Nature","robots":{"index":"index","follow":"follow","max-snippet":"max-snippet:-1","max-image-preview":"max-image-preview:large","max-video-preview":"max-video-preview:-1"},"canonical":"https:\/\/biotechnature.es\/en\/aviso-legal\/","og_locale":"en_GB","og_type":"article","og_title":"Aviso Legal - BioTech Nature","og_description":"En cumplimiento del art\u00edculo 10 de la Ley 34\/2002, de 11 de julio, de Servicios de la Sociedad de la Informaci\u00f3n y Comercio Electr\u00f3nico (LSSICE) a continuaci\u00f3n se detallan los datos identificativos de la empresa: Raz\u00f3n social: BIOTECH NATURE S.L. (EN ADELANTE, BIOTECHNATURE). &nbsp; CIF: B01652700 Direcci\u00f3n: CAMPUS UNIVERSITARIO ESPINARDO, EDF. CEEIM, 20-21,30100, ESPINARDO, MURCIA....","og_url":"https:\/\/biotechnature.es\/en\/aviso-legal\/","og_site_name":"BioTech Nature","article_modified_time":"2022-12-22T12:19:07+00:00","twitter_card":"summary_large_image","twitter_misc":{"Estimated reading time":"2 minutes"},"schema":{"@context":"https:\/\/schema.org","@graph":[{"@type":"WebPage","@id":"https:\/\/biotechnature.es\/aviso-legal\/","url":"https:\/\/biotechnature.es\/aviso-legal\/","name":"Aviso Legal - BioTech Nature","isPartOf":{"@id":"https:\/\/biotechnature.es\/#website"},"datePublished":"2022-11-29T11:06:04+00:00","dateModified":"2022-12-22T12:19:07+00:00","breadcrumb":{"@id":"https:\/\/biotechnature.es\/aviso-legal\/#breadcrumb"},"inLanguage":"en-GB","potentialAction":[{"@type":"ReadAction","target":["https:\/\/biotechnature.es\/aviso-legal\/"]}]},{"@type":"BreadcrumbList","@id":"https:\/\/biotechnature.es\/aviso-legal\/#breadcrumb","itemListElement":[{"@type":"ListItem","position":1,"name":"Portada","item":"https:\/\/biotechnature.es\/"},{"@type":"ListItem","position":2,"name":"Aviso Legal"}]},{"@type":"WebSite","@id":"https:\/\/biotechnature.es\/#website","url":"https:\/\/biotechnature.es\/","name":"BioTech Nature","description":"","potentialAction":[{"@type":"SearchAction","target":{"@type":"EntryPoint","urlTemplate":"https:\/\/biotechnature.es\/?s={search_term_string}"},"query-input":"required name=search_term_string"}],"inLanguage":"en-GB"}]}},"_links":{"self":[{"href":"https:\/\/biotechnature.es\/en\/wp-json\/wp\/v2\/pages\/2323","targetHints":{"allow":["GET"]}}],"collection":[{"href":"https:\/\/biotechnature.es\/en\/wp-json\/wp\/v2\/pages"}],"about":[{"href":"https:\/\/biotechnature.es\/en\/wp-json\/wp\/v2\/types\/page"}],"author":[{"embeddable":true,"href":"https:\/\/biotechnature.es\/en\/wp-json\/wp\/v2\/users\/1"}],"replies":[{"embeddable":true,"href":"https:\/\/biotechnature.es\/en\/wp-json\/wp\/v2\/comments?post=2323"}],"version-history":[{"count":2,"href":"https:\/\/biotechnature.es\/en\/wp-json\/wp\/v2\/pages\/2323\/revisions"}],"predecessor-version":[{"id":2325,"href":"https:\/\/biotechnature.es\/en\/wp-json\/wp\/v2\/pages\/2323\/revisions\/2325"}],"wp:attachment":[{"href":"https:\/\/biotechnature.es\/en\/wp-json\/wp\/v2\/media?parent=2323"}],"curies":[{"name":"wp","href":"https:\/\/api.w.org\/{rel}","templated":true}]}}