{"id":2567,"date":"2022-12-30T08:57:06","date_gmt":"2022-12-30T08:57:06","guid":{"rendered":"https:\/\/biotechnature.es\/?page_id=2567"},"modified":"2023-01-31T09:43:28","modified_gmt":"2023-01-31T09:43:28","slug":"declaracion-de-accesibilidad","status":"publish","type":"page","link":"https:\/\/biotechnature.es\/en\/declaracion-de-accesibilidad\/","title":{"rendered":"Accessibility statement"},"content":{"rendered":"<div data-elementor-type=\"wp-page\" data-elementor-id=\"2567\" class=\"elementor elementor-2567\">\n\t\t\t\t\t\t\t\t\t<section class=\"elementor-section elementor-top-section elementor-element elementor-element-3777a5b4 elementor-section-boxed elementor-section-height-default elementor-section-height-default\" data-id=\"3777a5b4\" data-element_type=\"section\">\n\t\t\t\t\t\t<div class=\"elementor-container elementor-column-gap-default\">\n\t\t\t\t\t<div class=\"elementor-column elementor-col-100 elementor-top-column elementor-element elementor-element-5d95f3c0\" data-id=\"5d95f3c0\" data-element_type=\"column\">\n\t\t\t<div class=\"elementor-widget-wrap elementor-element-populated\">\n\t\t\t\t\t\t\t\t<div class=\"elementor-element elementor-element-c134d52 elementor-widget elementor-widget-text-editor\" data-id=\"c134d52\" data-element_type=\"widget\" data-widget_type=\"text-editor.default\">\n\t\t\t\t<div class=\"elementor-widget-container\">\n\t\t\t<style>\/*! elementor - v3.9.2 - 21-12-2022 *\/\n.elementor-widget-text-editor.elementor-drop-cap-view-stacked .elementor-drop-cap{background-color:#818a91;color:#fff}.elementor-widget-text-editor.elementor-drop-cap-view-framed .elementor-drop-cap{color:#818a91;border:3px solid;background-color:transparent}.elementor-widget-text-editor:not(.elementor-drop-cap-view-default) .elementor-drop-cap{margin-top:8px}.elementor-widget-text-editor:not(.elementor-drop-cap-view-default) .elementor-drop-cap-letter{width:1em;height:1em}.elementor-widget-text-editor .elementor-drop-cap{float:left;text-align:center;line-height:1;font-size:50px}.elementor-widget-text-editor .elementor-drop-cap-letter{display:inline-block}<\/style>\t\t\t\t<p><!-- wp:paragraph --><\/p>\n<p>The standards used today to develop websites have been met: HTML 5.2 and CSS 2.1.<\/p>\n<p><!-- \/wp:paragraph --><\/p>\n<p><!-- wp:paragraph --><\/p>\n<p>Some of the WCAG 2.1 Content Accessibility guidelines and the annex structure of the UNE-EN 301 549:2022 standard have been applied to guarantee maximum accessibility. Some of the aspects that have been taken into account are:<\/p>\n<p><!-- \/wp:paragraph --><\/p>\n<p><!-- wp:list --><\/p>\n<ul>\n<li style=\"list-style-type: none;\">\n<ul><!-- wp:list-item --><\/ul>\n<\/li>\n<\/ul>\n<p>&nbsp;<\/p>\n<ul>\n<li style=\"list-style-type: none;\">\n<ul>\n<li>Separate the content of the presentation by using different style sheets (CSS) applicable according to the needs for the user's understanding.<\/li>\n<\/ul>\n<\/li>\n<\/ul>\n<p><!-- \/wp:list-item --><\/p>\n<p><!-- wp:list-item --><\/p>\n<ul>\n<li style=\"list-style-type: none;\">\n<ul>\n<li>Structure and correctly label the content of the pages in a clear and simple way, to improve reading.<\/li>\n<\/ul>\n<\/li>\n<\/ul>\n<p><!-- \/wp:list-item --><\/p>\n<p><!-- wp:list-item --><\/p>\n<ul>\n<li style=\"list-style-type: none;\">\n<ul>\n<li>The use of tags such as \"ul\" and \"blockquote\" according to their semantic meaning and never to format the text.<\/li>\n<\/ul>\n<\/li>\n<\/ul>\n<p><!-- \/wp:list-item --><\/p>\n<p><!-- wp:list-item --><\/p>\n<ul>\n<li style=\"list-style-type: none;\">\n<ul>\n<li>Avoid using tables to layout the pages, some of which may have been used for specific content.<\/li>\n<\/ul>\n<\/li>\n<\/ul>\n<p><!-- \/wp:list-item --><\/p>\n<p><!-- wp:list-item --><\/p>\n<ul>\n<li style=\"list-style-type: none;\">\n<ul>\n<li>Make a layout through the use of CSS styles and through liquid design, adapt and responsive to any screen resolution.<\/li>\n<\/ul>\n<\/li>\n<\/ul>\n<p><!-- \/wp:list-item --><\/p>\n<p><!-- wp:list-item --><\/p>\n<ul>\n<li style=\"list-style-type: none;\">\n<ul>\n<li>Placement of significant and explanatory texts in the links.<\/li>\n<\/ul>\n<\/li>\n<\/ul>\n<p><!-- \/wp:list-item --><\/p>\n<p><!-- wp:list-item --><\/p>\n<ul>\n<li style=\"list-style-type: none;\">\n<ul>\n<li>The different style sheets will avoid low-contrast color combinations, and the transmission of information only through color.<\/li>\n<\/ul>\n<\/li>\n<\/ul>\n<p><!-- \/wp:list-item --><\/p>\n<p><!-- wp:list-item --><\/p>\n<ul>\n<li style=\"list-style-type: none;\">\n<ul>\n<li>The JavaScript language has not been used in the pages accessed through the Settings options in the Accessibility Statement.<\/li>\n<\/ul>\n<\/li>\n<\/ul>\n<p><!-- \/wp:list-item --><\/p>\n<p><!-- wp:list-item --><\/p>\n<ul>\n<li style=\"list-style-type: none;\">\n<ul>\n<li>The use of  \"frames\" has been avoided.<\/li>\n<\/ul>\n<\/li>\n<\/ul>\n<p><!-- \/wp:list-item --><\/p>\n<p><!-- \/wp:list --><\/p>\n<p><!-- wp:paragraph --><\/p>\n<p>All pages have the \"title\" tag that includes the title of the website and the title of the page to help and facilitate navigation and the correct storage of any page in the \"favorites\" or \"bookmarks\" of the browser used.<\/p>\n<p>Access our <a href=\"https:\/\/biotechnature.es\/en\/configurador-de-accesibilidad\/\" style=\"color: #29cb7e; font-weight: bold;\">Accessibility configurator<\/a>.<\/p>\n<p><!-- \/wp:paragraph --><\/p>\t\t\t\t\t\t<\/div>\n\t\t\t\t<\/div>\n\t\t\t\t\t<\/div>\n\t\t<\/div>\n\t\t\t\t\t\t\t<\/div>\n\t\t<\/section>\n\t\t\t\t\t\t\t<\/div>","protected":false},"excerpt":{"rendered":"<p>Se han cumplido los est\u00e1ndares que se emplean hoy en d\u00eda para desarrollar sitios web: HTML 5.2 y CSS 2.1. Se han aplicado algunas de las pautas de Accesibilidad al Contenido WCAG 2.1 y la estructura de anexos de la norma UNE-EN 301 549:2022 para garantizar la m\u00e1xima accesibilidad. Algunos de los aspectos que se&#8230;<\/p>","protected":false},"author":1,"featured_media":0,"parent":0,"menu_order":0,"comment_status":"closed","ping_status":"closed","template":"","meta":{"footnotes":""},"class_list":["post-2567","page","type-page","status-publish","hentry","no-post-thumbnail"],"acf":[],"yoast_head":"<!-- This site is optimized with the Yoast SEO plugin v19.13 - https:\/\/yoast.com\/wordpress\/plugins\/seo\/ -->\n<title>Declaraci\u00f3n de accesibilidad - BioTech Nature<\/title>\n<meta name=\"robots\" content=\"index, follow, max-snippet:-1, max-image-preview:large, max-video-preview:-1\" \/>\n<link rel=\"canonical\" href=\"https:\/\/biotechnature.es\/en\/declaracion-de-accesibilidad\/\" \/>\n<meta property=\"og:locale\" content=\"en_GB\" \/>\n<meta property=\"og:type\" content=\"article\" \/>\n<meta property=\"og:title\" content=\"Declaraci\u00f3n de accesibilidad - BioTech Nature\" \/>\n<meta property=\"og:description\" content=\"Se han cumplido los est\u00e1ndares que se emplean hoy en d\u00eda para desarrollar sitios web: HTML 5.2 y CSS 2.1. Se han aplicado algunas de las pautas de Accesibilidad al Contenido WCAG 2.1 y la estructura de anexos de la norma UNE-EN 301 549:2022 para garantizar la m\u00e1xima accesibilidad. Algunos de los aspectos que se...\" \/>\n<meta property=\"og:url\" content=\"https:\/\/biotechnature.es\/en\/declaracion-de-accesibilidad\/\" \/>\n<meta property=\"og:site_name\" content=\"BioTech Nature\" \/>\n<meta property=\"article:modified_time\" content=\"2023-01-31T09:43:28+00:00\" \/>\n<meta name=\"twitter:card\" content=\"summary_large_image\" \/>\n<meta name=\"twitter:label1\" content=\"Estimated reading time\" \/>\n\t<meta name=\"twitter:data1\" content=\"2 minutes\" \/>\n<script type=\"application\/ld+json\" class=\"yoast-schema-graph\">{\"@context\":\"https:\/\/schema.org\",\"@graph\":[{\"@type\":\"WebPage\",\"@id\":\"https:\/\/biotechnature.es\/declaracion-de-accesibilidad\/\",\"url\":\"https:\/\/biotechnature.es\/declaracion-de-accesibilidad\/\",\"name\":\"Declaraci\u00f3n de accesibilidad - BioTech Nature\",\"isPartOf\":{\"@id\":\"https:\/\/biotechnature.es\/#website\"},\"datePublished\":\"2022-12-30T08:57:06+00:00\",\"dateModified\":\"2023-01-31T09:43:28+00:00\",\"breadcrumb\":{\"@id\":\"https:\/\/biotechnature.es\/declaracion-de-accesibilidad\/#breadcrumb\"},\"inLanguage\":\"en-GB\",\"potentialAction\":[{\"@type\":\"ReadAction\",\"target\":[\"https:\/\/biotechnature.es\/declaracion-de-accesibilidad\/\"]}]},{\"@type\":\"BreadcrumbList\",\"@id\":\"https:\/\/biotechnature.es\/declaracion-de-accesibilidad\/#breadcrumb\",\"itemListElement\":[{\"@type\":\"ListItem\",\"position\":1,\"name\":\"Portada\",\"item\":\"https:\/\/biotechnature.es\/\"},{\"@type\":\"ListItem\",\"position\":2,\"name\":\"Declaraci\u00f3n de accesibilidad\"}]},{\"@type\":\"WebSite\",\"@id\":\"https:\/\/biotechnature.es\/#website\",\"url\":\"https:\/\/biotechnature.es\/\",\"name\":\"BioTech Nature\",\"description\":\"\",\"potentialAction\":[{\"@type\":\"SearchAction\",\"target\":{\"@type\":\"EntryPoint\",\"urlTemplate\":\"https:\/\/biotechnature.es\/?s={search_term_string}\"},\"query-input\":\"required name=search_term_string\"}],\"inLanguage\":\"en-GB\"}]}<\/script>\n<!-- \/ Yoast SEO plugin. -->","yoast_head_json":{"title":"Declaraci\u00f3n de accesibilidad - BioTech Nature","robots":{"index":"index","follow":"follow","max-snippet":"max-snippet:-1","max-image-preview":"max-image-preview:large","max-video-preview":"max-video-preview:-1"},"canonical":"https:\/\/biotechnature.es\/en\/declaracion-de-accesibilidad\/","og_locale":"en_GB","og_type":"article","og_title":"Declaraci\u00f3n de accesibilidad - BioTech Nature","og_description":"Se han cumplido los est\u00e1ndares que se emplean hoy en d\u00eda para desarrollar sitios web: HTML 5.2 y CSS 2.1. Se han aplicado algunas de las pautas de Accesibilidad al Contenido WCAG 2.1 y la estructura de anexos de la norma UNE-EN 301 549:2022 para garantizar la m\u00e1xima accesibilidad. Algunos de los aspectos que se...","og_url":"https:\/\/biotechnature.es\/en\/declaracion-de-accesibilidad\/","og_site_name":"BioTech Nature","article_modified_time":"2023-01-31T09:43:28+00:00","twitter_card":"summary_large_image","twitter_misc":{"Estimated reading time":"2 minutes"},"schema":{"@context":"https:\/\/schema.org","@graph":[{"@type":"WebPage","@id":"https:\/\/biotechnature.es\/declaracion-de-accesibilidad\/","url":"https:\/\/biotechnature.es\/declaracion-de-accesibilidad\/","name":"Declaraci\u00f3n de accesibilidad - BioTech Nature","isPartOf":{"@id":"https:\/\/biotechnature.es\/#website"},"datePublished":"2022-12-30T08:57:06+00:00","dateModified":"2023-01-31T09:43:28+00:00","breadcrumb":{"@id":"https:\/\/biotechnature.es\/declaracion-de-accesibilidad\/#breadcrumb"},"inLanguage":"en-GB","potentialAction":[{"@type":"ReadAction","target":["https:\/\/biotechnature.es\/declaracion-de-accesibilidad\/"]}]},{"@type":"BreadcrumbList","@id":"https:\/\/biotechnature.es\/declaracion-de-accesibilidad\/#breadcrumb","itemListElement":[{"@type":"ListItem","position":1,"name":"Portada","item":"https:\/\/biotechnature.es\/"},{"@type":"ListItem","position":2,"name":"Declaraci\u00f3n de accesibilidad"}]},{"@type":"WebSite","@id":"https:\/\/biotechnature.es\/#website","url":"https:\/\/biotechnature.es\/","name":"BioTech Nature","description":"","potentialAction":[{"@type":"SearchAction","target":{"@type":"EntryPoint","urlTemplate":"https:\/\/biotechnature.es\/?s={search_term_string}"},"query-input":"required name=search_term_string"}],"inLanguage":"en-GB"}]}},"_links":{"self":[{"href":"https:\/\/biotechnature.es\/en\/wp-json\/wp\/v2\/pages\/2567","targetHints":{"allow":["GET"]}}],"collection":[{"href":"https:\/\/biotechnature.es\/en\/wp-json\/wp\/v2\/pages"}],"about":[{"href":"https:\/\/biotechnature.es\/en\/wp-json\/wp\/v2\/types\/page"}],"author":[{"embeddable":true,"href":"https:\/\/biotechnature.es\/en\/wp-json\/wp\/v2\/users\/1"}],"replies":[{"embeddable":true,"href":"https:\/\/biotechnature.es\/en\/wp-json\/wp\/v2\/comments?post=2567"}],"version-history":[{"count":11,"href":"https:\/\/biotechnature.es\/en\/wp-json\/wp\/v2\/pages\/2567\/revisions"}],"predecessor-version":[{"id":2741,"href":"https:\/\/biotechnature.es\/en\/wp-json\/wp\/v2\/pages\/2567\/revisions\/2741"}],"wp:attachment":[{"href":"https:\/\/biotechnature.es\/en\/wp-json\/wp\/v2\/media?parent=2567"}],"curies":[{"name":"wp","href":"https:\/\/api.w.org\/{rel}","templated":true}]}}