{"id":2604,"date":"2023-01-17T12:42:16","date_gmt":"2023-01-17T12:42:16","guid":{"rendered":"https:\/\/biotechnature.es\/?page_id=2604"},"modified":"2023-01-26T07:55:01","modified_gmt":"2023-01-26T07:55:01","slug":"mapa-del-sitio","status":"publish","type":"page","link":"https:\/\/biotechnature.es\/en\/mapa-del-sitio\/","title":{"rendered":"Site Map"},"content":{"rendered":"<div data-elementor-type=\"wp-page\" data-elementor-id=\"2604\" class=\"elementor elementor-2604\">\n\t\t\t\t\t\t\t\t\t<section class=\"elementor-section elementor-top-section elementor-element elementor-element-0c473bf elementor-section-boxed elementor-section-height-default elementor-section-height-default\" data-id=\"0c473bf\" data-element_type=\"section\">\n\t\t\t\t\t\t<div class=\"elementor-container elementor-column-gap-default\">\n\t\t\t\t\t<div class=\"elementor-column elementor-col-100 elementor-top-column elementor-element elementor-element-904372e\" data-id=\"904372e\" data-element_type=\"column\">\n\t\t\t<div class=\"elementor-widget-wrap elementor-element-populated\">\n\t\t\t\t\t\t\t\t<div class=\"elementor-element elementor-element-76e7002 elementor-widget elementor-widget-droit-title\" data-id=\"76e7002\" data-element_type=\"widget\" data-widget_type=\"droit-title.default\">\n\t\t\t\t<div class=\"elementor-widget-container\">\n\t\t\t\t    <div class=\"dl_title_section\">\r\n\t        \t            <h5 class=\"dl_title_text\" \r\n                > \r\n                                            BioTech Nature \r\n                          <\/h5>\r\n\t        \r\n\t        \t            <h4 class=\"dl_sub_title_text\" >  <\/h4>\r\n\t        \r\n\t        \t            <div class=\"dl_content_text\" ><\/div>\r\n\t        \t    <\/div>    \r\n\t    \t\t<\/div>\n\t\t\t\t<\/div>\n\t\t\t\t<div class=\"elementor-element elementor-element-b83cec3 textoLegible elementor-widget elementor-widget-text-editor\" data-id=\"b83cec3\" data-element_type=\"widget\" data-widget_type=\"text-editor.default\">\n\t\t\t\t<div class=\"elementor-widget-container\">\n\t\t\t<style>\/*! elementor - v3.9.2 - 21-12-2022 *\/\n.elementor-widget-text-editor.elementor-drop-cap-view-stacked .elementor-drop-cap{background-color:#818a91;color:#fff}.elementor-widget-text-editor.elementor-drop-cap-view-framed .elementor-drop-cap{color:#818a91;border:3px solid;background-color:transparent}.elementor-widget-text-editor:not(.elementor-drop-cap-view-default) .elementor-drop-cap{margin-top:8px}.elementor-widget-text-editor:not(.elementor-drop-cap-view-default) .elementor-drop-cap-letter{width:1em;height:1em}.elementor-widget-text-editor .elementor-drop-cap{float:left;text-align:center;line-height:1;font-size:50px}.elementor-widget-text-editor .elementor-drop-cap-letter{display:inline-block}<\/style>\t\t\t\t<ul><li><a href=\"https:\/\/biotechnature.es\/en\/\">Home<\/a><ul><li><a href=\"https:\/\/biotechnature.es\/en\/duoprotect-pepmv\/\">DuoProtext PepMV<\/a><\/li><li><a href=\"https:\/\/biotechnature.es\/en\/sintomas-pepmv\/\">PepMV Symptoms<\/a><\/li><li><a href=\"https:\/\/biotechnature.es\/en\/contacto\/\">Contact<\/a><\/li><\/ul><\/li><\/ul><ul><li>Information<ul><li><a href=\"https:\/\/biotechnature.es\/en\/politica-privacidad\/\">Privacy Policy<\/a><\/li><li><a href=\"https:\/\/biotechnature.es\/en\/politica-de-cookies\/\">Cookies policy<\/a><\/li><li><a href=\"https:\/\/biotechnature.es\/en\/aviso-legal\/\">Legal warning<\/a><\/li><li><a href=\"https:\/\/biotechnature.es\/en\/declaracion-de-accesibilidad\/\">Accessibility statement<\/a><ul><li><a href=\"https:\/\/biotechnature.es\/en\/configurador-de-accesibilidad\/\">Accessibility configurator<\/a><\/li><\/ul><\/li><li><a href=\"https:\/\/biotechnature.es\/en\/mapa-del-sitio\/\">Site Map<\/a><\/li><li><a href=\"https:\/\/biotechnature.es\/en\/ayuda\/\">Help<\/a><\/li><\/ul><\/li><\/ul>\t\t\t\t\t\t<\/div>\n\t\t\t\t<\/div>\n\t\t\t\t\t<\/div>\n\t\t<\/div>\n\t\t\t\t\t\t\t<\/div>\n\t\t<\/section>\n\t\t\t\t\t\t\t<\/div>","protected":false},"excerpt":{"rendered":"<p>BioTech Nature Inicio DuoProtext PepMV S\u00edntomas PepMV Contacto Informaci\u00f3n Pol\u00edtica de Privacidad Pol\u00edtica de Cookies Aviso Legal Declaraci\u00f3n de accesibilidad Configurador de accesibilidad Mapa del Sitio Ayuda<\/p>","protected":false},"author":1,"featured_media":0,"parent":0,"menu_order":0,"comment_status":"closed","ping_status":"closed","template":"elementor_header_footer","meta":{"footnotes":""},"class_list":["post-2604","page","type-page","status-publish","hentry","no-post-thumbnail"],"acf":[],"yoast_head":"<!-- This site is optimized with the Yoast SEO plugin v19.13 - https:\/\/yoast.com\/wordpress\/plugins\/seo\/ -->\n<title>Vacuna Douprotect PepMV para tomates | BioTech Nature<\/title>\n<meta name=\"description\" content=\"Duoprotect PepMV es la primera vacuna europea que induce protecci\u00f3n cruzada a los cultivos de tomate de invernaderos. \u00a1P\u00eddenos informaci\u00f3n!\" \/>\n<meta name=\"robots\" content=\"index, follow, max-snippet:-1, max-image-preview:large, max-video-preview:-1\" \/>\n<link rel=\"canonical\" href=\"https:\/\/biotechnature.es\/en\/mapa-del-sitio\/\" \/>\n<meta property=\"og:locale\" content=\"en_GB\" \/>\n<meta property=\"og:type\" content=\"article\" \/>\n<meta property=\"og:title\" content=\"Vacuna Douprotect PepMV para tomates | BioTech Nature\" \/>\n<meta property=\"og:description\" content=\"Duoprotect PepMV es la primera vacuna europea que induce protecci\u00f3n cruzada a los cultivos de tomate de invernaderos. \u00a1P\u00eddenos informaci\u00f3n!\" \/>\n<meta property=\"og:url\" content=\"https:\/\/biotechnature.es\/en\/mapa-del-sitio\/\" \/>\n<meta property=\"og:site_name\" content=\"BioTech Nature\" \/>\n<meta property=\"article:modified_time\" content=\"2023-01-26T07:55:01+00:00\" \/>\n<meta name=\"twitter:card\" content=\"summary_large_image\" \/>\n<meta name=\"twitter:label1\" content=\"Estimated reading time\" \/>\n\t<meta name=\"twitter:data1\" content=\"1 minute\" \/>\n<script type=\"application\/ld+json\" class=\"yoast-schema-graph\">{\"@context\":\"https:\/\/schema.org\",\"@graph\":[{\"@type\":\"WebPage\",\"@id\":\"https:\/\/biotechnature.es\/mapa-del-sitio\/\",\"url\":\"https:\/\/biotechnature.es\/mapa-del-sitio\/\",\"name\":\"Vacuna Douprotect PepMV para tomates | BioTech Nature\",\"isPartOf\":{\"@id\":\"https:\/\/biotechnature.es\/#website\"},\"datePublished\":\"2023-01-17T12:42:16+00:00\",\"dateModified\":\"2023-01-26T07:55:01+00:00\",\"description\":\"Duoprotect PepMV es la primera vacuna europea que induce protecci\u00f3n cruzada a los cultivos de tomate de invernaderos. \u00a1P\u00eddenos informaci\u00f3n!\",\"breadcrumb\":{\"@id\":\"https:\/\/biotechnature.es\/mapa-del-sitio\/#breadcrumb\"},\"inLanguage\":\"en-GB\",\"potentialAction\":[{\"@type\":\"ReadAction\",\"target\":[\"https:\/\/biotechnature.es\/mapa-del-sitio\/\"]}]},{\"@type\":\"BreadcrumbList\",\"@id\":\"https:\/\/biotechnature.es\/mapa-del-sitio\/#breadcrumb\",\"itemListElement\":[{\"@type\":\"ListItem\",\"position\":1,\"name\":\"Portada\",\"item\":\"https:\/\/biotechnature.es\/\"},{\"@type\":\"ListItem\",\"position\":2,\"name\":\"Mapa del sitio\"}]},{\"@type\":\"WebSite\",\"@id\":\"https:\/\/biotechnature.es\/#website\",\"url\":\"https:\/\/biotechnature.es\/\",\"name\":\"BioTech Nature\",\"description\":\"\",\"potentialAction\":[{\"@type\":\"SearchAction\",\"target\":{\"@type\":\"EntryPoint\",\"urlTemplate\":\"https:\/\/biotechnature.es\/?s={search_term_string}\"},\"query-input\":\"required name=search_term_string\"}],\"inLanguage\":\"en-GB\"}]}<\/script>\n<!-- \/ Yoast SEO plugin. -->","yoast_head_json":{"title":"Vacuna Douprotect PepMV para tomates | BioTech Nature","description":"Duoprotect PepMV es la primera vacuna europea que induce protecci\u00f3n cruzada a los cultivos de tomate de invernaderos. \u00a1P\u00eddenos informaci\u00f3n!","robots":{"index":"index","follow":"follow","max-snippet":"max-snippet:-1","max-image-preview":"max-image-preview:large","max-video-preview":"max-video-preview:-1"},"canonical":"https:\/\/biotechnature.es\/en\/mapa-del-sitio\/","og_locale":"en_GB","og_type":"article","og_title":"Vacuna Douprotect PepMV para tomates | BioTech Nature","og_description":"Duoprotect PepMV es la primera vacuna europea que induce protecci\u00f3n cruzada a los cultivos de tomate de invernaderos. \u00a1P\u00eddenos informaci\u00f3n!","og_url":"https:\/\/biotechnature.es\/en\/mapa-del-sitio\/","og_site_name":"BioTech Nature","article_modified_time":"2023-01-26T07:55:01+00:00","twitter_card":"summary_large_image","twitter_misc":{"Estimated reading time":"1 minute"},"schema":{"@context":"https:\/\/schema.org","@graph":[{"@type":"WebPage","@id":"https:\/\/biotechnature.es\/mapa-del-sitio\/","url":"https:\/\/biotechnature.es\/mapa-del-sitio\/","name":"Vacuna Douprotect PepMV para tomates | BioTech Nature","isPartOf":{"@id":"https:\/\/biotechnature.es\/#website"},"datePublished":"2023-01-17T12:42:16+00:00","dateModified":"2023-01-26T07:55:01+00:00","description":"Duoprotect PepMV es la primera vacuna europea que induce protecci\u00f3n cruzada a los cultivos de tomate de invernaderos. \u00a1P\u00eddenos informaci\u00f3n!","breadcrumb":{"@id":"https:\/\/biotechnature.es\/mapa-del-sitio\/#breadcrumb"},"inLanguage":"en-GB","potentialAction":[{"@type":"ReadAction","target":["https:\/\/biotechnature.es\/mapa-del-sitio\/"]}]},{"@type":"BreadcrumbList","@id":"https:\/\/biotechnature.es\/mapa-del-sitio\/#breadcrumb","itemListElement":[{"@type":"ListItem","position":1,"name":"Portada","item":"https:\/\/biotechnature.es\/"},{"@type":"ListItem","position":2,"name":"Mapa del sitio"}]},{"@type":"WebSite","@id":"https:\/\/biotechnature.es\/#website","url":"https:\/\/biotechnature.es\/","name":"BioTech Nature","description":"","potentialAction":[{"@type":"SearchAction","target":{"@type":"EntryPoint","urlTemplate":"https:\/\/biotechnature.es\/?s={search_term_string}"},"query-input":"required name=search_term_string"}],"inLanguage":"en-GB"}]}},"_links":{"self":[{"href":"https:\/\/biotechnature.es\/en\/wp-json\/wp\/v2\/pages\/2604","targetHints":{"allow":["GET"]}}],"collection":[{"href":"https:\/\/biotechnature.es\/en\/wp-json\/wp\/v2\/pages"}],"about":[{"href":"https:\/\/biotechnature.es\/en\/wp-json\/wp\/v2\/types\/page"}],"author":[{"embeddable":true,"href":"https:\/\/biotechnature.es\/en\/wp-json\/wp\/v2\/users\/1"}],"replies":[{"embeddable":true,"href":"https:\/\/biotechnature.es\/en\/wp-json\/wp\/v2\/comments?post=2604"}],"version-history":[{"count":22,"href":"https:\/\/biotechnature.es\/en\/wp-json\/wp\/v2\/pages\/2604\/revisions"}],"predecessor-version":[{"id":2737,"href":"https:\/\/biotechnature.es\/en\/wp-json\/wp\/v2\/pages\/2604\/revisions\/2737"}],"wp:attachment":[{"href":"https:\/\/biotechnature.es\/en\/wp-json\/wp\/v2\/media?parent=2604"}],"curies":[{"name":"wp","href":"https:\/\/api.w.org\/{rel}","templated":true}]}}